{"id":61,"date":"2018-08-30T17:45:03","date_gmt":"2018-08-30T15:45:03","guid":{"rendered":"https:\/\/stestilisme.com\/?page_id=61"},"modified":"2018-10-01T17:45:17","modified_gmt":"2018-10-01T15:45:17","slug":"promocions","status":"publish","type":"page","link":"https:\/\/www.stestilisme.com\/es\/promocions\/","title":{"rendered":"Promociones"},"content":{"rendered":"\t\t<div data-elementor-type=\"wp-post\" data-elementor-id=\"61\" class=\"elementor elementor-61 elementor-bc-flex-widget\">\n\t\t\t\t\t\t<section class=\"elementor-section elementor-top-section elementor-element elementor-element-9953f56 elementor-section-full_width elementor-section-height-default elementor-section-height-default\" data-id=\"9953f56\" data-element_type=\"section\" data-e-type=\"section\">\n\t\t\t\t\t\t<div class=\"elementor-container elementor-column-gap-no\">\n\t\t\t\t\t<div class=\"elementor-column elementor-col-100 elementor-top-column elementor-element elementor-element-176e9ee\" data-id=\"176e9ee\" data-element_type=\"column\" data-e-type=\"column\">\n\t\t\t<div class=\"elementor-widget-wrap elementor-element-populated\">\n\t\t\t\t\t\t<div class=\"elementor-element elementor-element-fc89785 elementor-widget elementor-widget-text-editor\" data-id=\"fc89785\" data-element_type=\"widget\" data-e-type=\"widget\" data-widget_type=\"text-editor.default\">\n\t\t\t\t<div class=\"elementor-widget-container\">\n\t\t\t\t\t\t\t\t\t<p>No olvides seguirnos en las redes para estar al d\u00eda de todas nuestras promociones\u2026<br \/>Tambi\u00e9n las iremos renovando en nuestra web. <\/p>\t\t\t\t\t\t\t\t<\/div>\n\t\t\t\t<\/div>\n\t\t\t\t\t<\/div>\n\t\t<\/div>\n\t\t\t\t\t<\/div>\n\t\t<\/section>\n\t\t\t\t<section class=\"elementor-section elementor-top-section elementor-element elementor-element-2be7f8f elementor-section-boxed elementor-section-height-default elementor-section-height-default\" data-id=\"2be7f8f\" data-element_type=\"section\" data-e-type=\"section\">\n\t\t\t\t\t\t<div class=\"elementor-container elementor-column-gap-default\">\n\t\t\t\t\t<div class=\"elementor-column elementor-col-100 elementor-top-column elementor-element elementor-element-a06bdd7\" data-id=\"a06bdd7\" data-element_type=\"column\" data-e-type=\"column\">\n\t\t\t<div class=\"elementor-widget-wrap elementor-element-populated\">\n\t\t\t\t\t\t<div class=\"elementor-element elementor-element-0ebae30 elementor-widget elementor-widget-heading\" data-id=\"0ebae30\" data-element_type=\"widget\" data-e-type=\"widget\" data-widget_type=\"heading.default\">\n\t\t\t\t<div class=\"elementor-widget-container\">\n\t\t\t\t\t<h3 class=\"elementor-heading-title elementor-size-default\">Promociones disponibles a d\u00eda de hoy<\/h3>\t\t\t\t<\/div>\n\t\t\t\t<\/div>\n\t\t\t\t\t<\/div>\n\t\t<\/div>\n\t\t\t\t\t<\/div>\n\t\t<\/section>\n\t\t\t\t<section class=\"elementor-section elementor-top-section elementor-element elementor-element-06ec8a7 elementor-section-boxed elementor-section-height-default elementor-section-height-default\" data-id=\"06ec8a7\" data-element_type=\"section\" data-e-type=\"section\">\n\t\t\t\t\t\t<div class=\"elementor-container elementor-column-gap-default\">\n\t\t\t\t\t<div class=\"elementor-column elementor-col-50 elementor-top-column elementor-element elementor-element-59c6a1f\" data-id=\"59c6a1f\" data-element_type=\"column\" data-e-type=\"column\">\n\t\t\t<div class=\"elementor-widget-wrap elementor-element-populated\">\n\t\t\t\t\t\t<div class=\"elementor-element elementor-element-2c19661 elementor-widget elementor-widget-premium-addon-banner\" data-id=\"2c19661\" data-element_type=\"widget\" data-e-type=\"widget\" data-widget_type=\"premium-addon-banner.default\">\n\t\t\t\t<div class=\"elementor-widget-container\">\n\t\t\t\t\t\t\t<div class=\"premium-banner-ib premium-banner-min-height premium-banner-premium_banner_animation13 none premium-banner__effect-type2\">\n\t\t\t\t\t\t\t\t\t\t<img fetchpriority=\"high\" decoding=\"async\" width=\"1200\" height=\"800\" src=\"https:\/\/www.stestilisme.com\/wp-content\/uploads\/2018\/10\/Targeta-fidelitzaci\u00f3.jpg\" class=\"attachment-full size-full wp-image-591\" alt=\"Targeta fidelitzaci\u00f3 | ST Estilisme | Sant Feliu de Gu\u00edxols\" srcset=\"https:\/\/www.stestilisme.com\/wp-content\/uploads\/2018\/10\/Targeta-fidelitzaci\u00f3.jpg 1200w, https:\/\/www.stestilisme.com\/wp-content\/uploads\/2018\/10\/Targeta-fidelitzaci\u00f3-300x200.jpg 300w, https:\/\/www.stestilisme.com\/wp-content\/uploads\/2018\/10\/Targeta-fidelitzaci\u00f3-768x512.jpg 768w, https:\/\/www.stestilisme.com\/wp-content\/uploads\/2018\/10\/Targeta-fidelitzaci\u00f3-1024x683.jpg 1024w\" sizes=\"(max-width: 1200px) 100vw, 1200px\" \/>\t\t\t\t\t\t\t\t\t<div class=\"premium-banner-ib-desc\">\n\t\t\t\t\n\t\t\t\t\t\t\t\t\t<h2 class=\"premium-banner-ib-title premium_banner_title\">\n\t\t\t\t\t\tTARJETA FIDELIZACI\u00d3N\t\t\t\t\t<\/h2>\n\t\t\t\t\n\t\t\t\t\t\t\t\t\t<div class=\"premium-banner-ib-content premium_banner_content\">\n\t\t\t\t\t\t<p>\u00a1Premiamos tu confianza!<\/p>\t\t\t\t\t<\/div>\n\t\t\t\t\n\t\t\t\t\n\t\t\t\t\t\t\t<\/div>\n\t\t\t\t\t<\/div>\n\n\t\t\t\t\t\t<\/div>\n\t\t\t\t<\/div>\n\t\t\t\t\t<\/div>\n\t\t<\/div>\n\t\t\t\t<div class=\"elementor-column elementor-col-50 elementor-top-column elementor-element elementor-element-60fd92e\" data-id=\"60fd92e\" data-element_type=\"column\" data-e-type=\"column\">\n\t\t\t<div class=\"elementor-widget-wrap elementor-element-populated\">\n\t\t\t\t\t\t<div class=\"elementor-element elementor-element-98609ef elementor-widget elementor-widget-premium-addon-banner\" data-id=\"98609ef\" data-element_type=\"widget\" data-e-type=\"widget\" data-widget_type=\"premium-addon-banner.default\">\n\t\t\t\t<div class=\"elementor-widget-container\">\n\t\t\t\t\t\t\t<div class=\"premium-banner-ib premium-banner-min-height premium-banner-premium_banner_animation13 none premium-banner__effect-type2\">\n\t\t\t\t\t\t\t\t\t\t<img decoding=\"async\" width=\"1200\" height=\"800\" src=\"https:\/\/www.stestilisme.com\/wp-content\/uploads\/2018\/10\/Jubilats.jpg\" class=\"attachment-full size-full wp-image-589\" alt=\"Jubilats | ST Estilisme | Sant Feliu de Gu\u00edxols\" srcset=\"https:\/\/www.stestilisme.com\/wp-content\/uploads\/2018\/10\/Jubilats.jpg 1200w, https:\/\/www.stestilisme.com\/wp-content\/uploads\/2018\/10\/Jubilats-300x200.jpg 300w, https:\/\/www.stestilisme.com\/wp-content\/uploads\/2018\/10\/Jubilats-768x512.jpg 768w, https:\/\/www.stestilisme.com\/wp-content\/uploads\/2018\/10\/Jubilats-1024x683.jpg 1024w\" sizes=\"(max-width: 1200px) 100vw, 1200px\" \/>\t\t\t\t\t\t\t\t\t<div class=\"premium-banner-ib-desc\">\n\t\t\t\t\n\t\t\t\t\t\t\t\t\t<h2 class=\"premium-banner-ib-title premium_banner_title\">\n\t\t\t\t\t\tDESCUENTO A JUBILADOS\t\t\t\t\t<\/h2>\n\t\t\t\t\n\t\t\t\t\t\t\t\t\t<div class=\"premium-banner-ib-content premium_banner_content\">\n\t\t\t\t\t\t<p>Nuestros mayores clientes<\/p>\t\t\t\t\t<\/div>\n\t\t\t\t\n\t\t\t\t\n\t\t\t\t\t\t\t<\/div>\n\t\t\t\t\t<\/div>\n\n\t\t\t\t\t\t<\/div>\n\t\t\t\t<\/div>\n\t\t\t\t\t<\/div>\n\t\t<\/div>\n\t\t\t\t\t<\/div>\n\t\t<\/section>\n\t\t\t\t<section class=\"elementor-section elementor-top-section elementor-element elementor-element-71c33e4 elementor-section-boxed elementor-section-height-default elementor-section-height-default\" data-id=\"71c33e4\" data-element_type=\"section\" data-e-type=\"section\">\n\t\t\t\t\t\t<div class=\"elementor-container elementor-column-gap-default\">\n\t\t\t\t\t<div class=\"elementor-column elementor-col-50 elementor-top-column elementor-element elementor-element-4c6207a\" data-id=\"4c6207a\" data-element_type=\"column\" data-e-type=\"column\">\n\t\t\t<div class=\"elementor-widget-wrap elementor-element-populated\">\n\t\t\t\t\t\t<div class=\"elementor-element elementor-element-fa3e0d8 elementor-widget elementor-widget-premium-addon-banner\" data-id=\"fa3e0d8\" data-element_type=\"widget\" data-e-type=\"widget\" data-widget_type=\"premium-addon-banner.default\">\n\t\t\t\t<div class=\"elementor-widget-container\">\n\t\t\t\t\t\t\t<div class=\"premium-banner-ib premium-banner-min-height premium-banner-premium_banner_animation13 none premium-banner__effect-type2\">\n\t\t\t\t\t\t\t\t\t\t<img decoding=\"async\" width=\"1200\" height=\"800\" src=\"https:\/\/www.stestilisme.com\/wp-content\/uploads\/2018\/09\/Metxes.jpg\" class=\"attachment-full size-full wp-image-528\" alt=\"Metxes | ST Estilisme | Sant Feliu de Gu\u00edxols\" srcset=\"https:\/\/www.stestilisme.com\/wp-content\/uploads\/2018\/09\/Metxes.jpg 1200w, https:\/\/www.stestilisme.com\/wp-content\/uploads\/2018\/09\/Metxes-300x200.jpg 300w, https:\/\/www.stestilisme.com\/wp-content\/uploads\/2018\/09\/Metxes-768x512.jpg 768w, https:\/\/www.stestilisme.com\/wp-content\/uploads\/2018\/09\/Metxes-1024x683.jpg 1024w\" sizes=\"(max-width: 1200px) 100vw, 1200px\" \/>\t\t\t\t\t\t\t\t\t<div class=\"premium-banner-ib-desc\">\n\t\t\t\t\n\t\t\t\t\t\t\t\t\t<h2 class=\"premium-banner-ib-title premium_banner_title\">\n\t\t\t\t\t\tMECHAS\t\t\t\t\t<\/h2>\n\t\t\t\t\n\t\t\t\t\t\t\t\t\t<div class=\"premium-banner-ib-content premium_banner_content\">\n\t\t\t\t\t\t<p>De martes a jueves<br \/><strong>15%<\/strong> de descuento<\/p>\t\t\t\t\t<\/div>\n\t\t\t\t\n\t\t\t\t\n\t\t\t\t\t\t\t<\/div>\n\t\t\t\t\t<\/div>\n\n\t\t\t\t\t\t<\/div>\n\t\t\t\t<\/div>\n\t\t\t\t\t<\/div>\n\t\t<\/div>\n\t\t\t\t<div class=\"elementor-column elementor-col-50 elementor-top-column elementor-element elementor-element-da6b591\" data-id=\"da6b591\" data-element_type=\"column\" data-e-type=\"column\">\n\t\t\t<div class=\"elementor-widget-wrap elementor-element-populated\">\n\t\t\t\t\t\t<div class=\"elementor-element elementor-element-237e13a elementor-widget elementor-widget-premium-addon-banner\" data-id=\"237e13a\" data-element_type=\"widget\" data-e-type=\"widget\" data-widget_type=\"premium-addon-banner.default\">\n\t\t\t\t<div class=\"elementor-widget-container\">\n\t\t\t\t\t\t\t<div class=\"premium-banner-ib premium-banner-min-height premium-banner-premium_banner_animation13 none premium-banner__effect-type2\">\n\t\t\t\t\t\t\t\t\t\t<img loading=\"lazy\" decoding=\"async\" width=\"1200\" height=\"800\" src=\"https:\/\/www.stestilisme.com\/wp-content\/uploads\/2018\/09\/Tenyir.jpg\" class=\"attachment-full size-full wp-image-538\" alt=\"Tenyir | ST Estilisme | Sant Feliu de Gu\u00edxols\" srcset=\"https:\/\/www.stestilisme.com\/wp-content\/uploads\/2018\/09\/Tenyir.jpg 1200w, https:\/\/www.stestilisme.com\/wp-content\/uploads\/2018\/09\/Tenyir-300x200.jpg 300w, https:\/\/www.stestilisme.com\/wp-content\/uploads\/2018\/09\/Tenyir-768x512.jpg 768w, https:\/\/www.stestilisme.com\/wp-content\/uploads\/2018\/09\/Tenyir-1024x683.jpg 1024w\" sizes=\"(max-width: 1200px) 100vw, 1200px\" \/>\t\t\t\t\t\t\t\t\t<div class=\"premium-banner-ib-desc\">\n\t\t\t\t\n\t\t\t\t\t\t\t\t\t<h2 class=\"premium-banner-ib-title premium_banner_title\">\n\t\t\t\t\t\tTE\u00d1IR\t\t\t\t\t<\/h2>\n\t\t\t\t\n\t\t\t\t\t\t\t\t\t<div class=\"premium-banner-ib-content premium_banner_content\">\n\t\t\t\t\t\t<p>De martes a jueves<br \/><span style=\"font-size: 18pt;\"><strong>15\u20ac<\/strong><\/span><\/p>\t\t\t\t\t<\/div>\n\t\t\t\t\n\t\t\t\t\n\t\t\t\t\t\t\t<\/div>\n\t\t\t\t\t<\/div>\n\n\t\t\t\t\t\t<\/div>\n\t\t\t\t<\/div>\n\t\t\t\t\t<\/div>\n\t\t<\/div>\n\t\t\t\t\t<\/div>\n\t\t<\/section>\n\t\t\t\t<section class=\"elementor-section elementor-top-section elementor-element elementor-element-3de75ce elementor-section-boxed elementor-section-height-default elementor-section-height-default\" data-id=\"3de75ce\" data-element_type=\"section\" data-e-type=\"section\">\n\t\t\t\t\t\t<div class=\"elementor-container elementor-column-gap-default\">\n\t\t\t\t\t<div class=\"elementor-column elementor-col-50 elementor-top-column elementor-element elementor-element-afbd315\" data-id=\"afbd315\" data-element_type=\"column\" data-e-type=\"column\">\n\t\t\t<div class=\"elementor-widget-wrap elementor-element-populated\">\n\t\t\t\t\t\t<div class=\"elementor-element elementor-element-00bfbc5 elementor-widget elementor-widget-premium-addon-banner\" data-id=\"00bfbc5\" data-element_type=\"widget\" data-e-type=\"widget\" data-widget_type=\"premium-addon-banner.default\">\n\t\t\t\t<div class=\"elementor-widget-container\">\n\t\t\t\t\t\t\t<div class=\"premium-banner-ib premium-banner-min-height premium-banner-premium_banner_animation13 none premium-banner__effect-type2\">\n\t\t\t\t\t\t\t\t\t\t<img loading=\"lazy\" decoding=\"async\" width=\"1200\" height=\"800\" src=\"https:\/\/www.stestilisme.com\/wp-content\/uploads\/2018\/09\/Manicura.jpg\" class=\"attachment-full size-full wp-image-544\" alt=\"\" srcset=\"https:\/\/www.stestilisme.com\/wp-content\/uploads\/2018\/09\/Manicura.jpg 1200w, https:\/\/www.stestilisme.com\/wp-content\/uploads\/2018\/09\/Manicura-300x200.jpg 300w, https:\/\/www.stestilisme.com\/wp-content\/uploads\/2018\/09\/Manicura-768x512.jpg 768w, https:\/\/www.stestilisme.com\/wp-content\/uploads\/2018\/09\/Manicura-1024x683.jpg 1024w\" sizes=\"(max-width: 1200px) 100vw, 1200px\" \/>\t\t\t\t\t\t\t\t\t<div class=\"premium-banner-ib-desc\">\n\t\t\t\t\n\t\t\t\t\t\t\t\t\t<h2 class=\"premium-banner-ib-title premium_banner_title\">\n\t\t\t\t\t\tMANICURA SEMI-PERMANENTE\t\t\t\t\t<\/h2>\n\t\t\t\t\n\t\t\t\t\t\t\t\t\t<div class=\"premium-banner-ib-content premium_banner_content\">\n\t\t\t\t\t\t<p><span style=\"font-size: 18pt;\"><strong>13\u20ac<\/strong><\/span><\/p>\t\t\t\t\t<\/div>\n\t\t\t\t\n\t\t\t\t\n\t\t\t\t\t\t\t<\/div>\n\t\t\t\t\t<\/div>\n\n\t\t\t\t\t\t<\/div>\n\t\t\t\t<\/div>\n\t\t\t\t\t<\/div>\n\t\t<\/div>\n\t\t\t\t<div class=\"elementor-column elementor-col-50 elementor-top-column elementor-element elementor-element-a90279b\" data-id=\"a90279b\" data-element_type=\"column\" data-e-type=\"column\">\n\t\t\t<div class=\"elementor-widget-wrap elementor-element-populated\">\n\t\t\t\t\t\t<div class=\"elementor-element elementor-element-d9f0984 elementor-widget elementor-widget-premium-addon-banner\" data-id=\"d9f0984\" data-element_type=\"widget\" data-e-type=\"widget\" data-widget_type=\"premium-addon-banner.default\">\n\t\t\t\t<div class=\"elementor-widget-container\">\n\t\t\t\t\t\t\t<div class=\"premium-banner-ib premium-banner-min-height premium-banner-premium_banner_animation13 none premium-banner__effect-type2\">\n\t\t\t\t\t\t\t\t\t\t<img loading=\"lazy\" decoding=\"async\" width=\"1200\" height=\"800\" src=\"https:\/\/www.stestilisme.com\/wp-content\/uploads\/2018\/09\/Manicura-Pedicura.jpg\" class=\"attachment-full size-full wp-image-547\" alt=\"Manicura + Pedicura | ST Estilisme | Sant Feliu de Gu\u00edxols\" srcset=\"https:\/\/www.stestilisme.com\/wp-content\/uploads\/2018\/09\/Manicura-Pedicura.jpg 1200w, https:\/\/www.stestilisme.com\/wp-content\/uploads\/2018\/09\/Manicura-Pedicura-300x200.jpg 300w, https:\/\/www.stestilisme.com\/wp-content\/uploads\/2018\/09\/Manicura-Pedicura-768x512.jpg 768w, https:\/\/www.stestilisme.com\/wp-content\/uploads\/2018\/09\/Manicura-Pedicura-1024x683.jpg 1024w\" sizes=\"(max-width: 1200px) 100vw, 1200px\" \/>\t\t\t\t\t\t\t\t\t<div class=\"premium-banner-ib-desc\">\n\t\t\t\t\n\t\t\t\t\t\t\t\t\t<h2 class=\"premium-banner-ib-title premium_banner_title\">\n\t\t\t\t\t\tMANICURA + PEDICURA SEMI-PERMANENTE\t\t\t\t\t<\/h2>\n\t\t\t\t\n\t\t\t\t\t\t\t\t\t<div class=\"premium-banner-ib-content premium_banner_content\">\n\t\t\t\t\t\t<p><span style=\"font-size: 18pt;\"><strong>33\u20ac<\/strong><\/span><\/p>\t\t\t\t\t<\/div>\n\t\t\t\t\n\t\t\t\t\n\t\t\t\t\t\t\t<\/div>\n\t\t\t\t\t<\/div>\n\n\t\t\t\t\t\t<\/div>\n\t\t\t\t<\/div>\n\t\t\t\t\t<\/div>\n\t\t<\/div>\n\t\t\t\t\t<\/div>\n\t\t<\/section>\n\t\t\t\t<\/div>\n\t\t","protected":false},"excerpt":{"rendered":"<p>No olvides seguirnos en las redes para estar al d\u00eda de todas nuestras promociones\u2026Tambi\u00e9n las iremos renovando en nuestra web. Promociones disponibles a d\u00eda de hoy TARJETA FIDELIZACI\u00d3N \u00a1Premiamos tu confianza! DESCUENTO A JUBILADOS Nuestros mayores clientes MECHAS De martes a jueves15% de descuento TE\u00d1IR De martes a jueves15\u20ac MANICURA SEMI-PERMANENTE 13\u20ac MANICURA + PEDICURA<br \/><a class=\"moretag\" href=\"https:\/\/www.stestilisme.com\/es\/promocions\/\">+ Read More<\/a><\/p>\n","protected":false},"author":1,"featured_media":299,"parent":0,"menu_order":0,"comment_status":"closed","ping_status":"closed","template":"","meta":{"footnotes":""},"class_list":["post-61","page","type-page","status-publish","has-post-thumbnail","hentry"],"_links":{"self":[{"href":"https:\/\/www.stestilisme.com\/es\/wp-json\/wp\/v2\/pages\/61","targetHints":{"allow":["GET"]}}],"collection":[{"href":"https:\/\/www.stestilisme.com\/es\/wp-json\/wp\/v2\/pages"}],"about":[{"href":"https:\/\/www.stestilisme.com\/es\/wp-json\/wp\/v2\/types\/page"}],"author":[{"embeddable":true,"href":"https:\/\/www.stestilisme.com\/es\/wp-json\/wp\/v2\/users\/1"}],"replies":[{"embeddable":true,"href":"https:\/\/www.stestilisme.com\/es\/wp-json\/wp\/v2\/comments?post=61"}],"version-history":[{"count":0,"href":"https:\/\/www.stestilisme.com\/es\/wp-json\/wp\/v2\/pages\/61\/revisions"}],"wp:featuredmedia":[{"embeddable":true,"href":"https:\/\/www.stestilisme.com\/es\/wp-json\/wp\/v2\/media\/299"}],"wp:attachment":[{"href":"https:\/\/www.stestilisme.com\/es\/wp-json\/wp\/v2\/media?parent=61"}],"curies":[{"name":"wp","href":"https:\/\/api.w.org\/{rel}","templated":true}]}}