{"id":49,"date":"2018-08-30T17:41:30","date_gmt":"2018-08-30T15:41:30","guid":{"rendered":"https:\/\/stestilisme.com\/?page_id=49"},"modified":"2018-10-18T10:00:40","modified_gmt":"2018-10-18T08:00:40","slug":"tractaments-capil%c2%b7lars","status":"publish","type":"page","link":"https:\/\/www.stestilisme.com\/es\/tractaments-capil%c2%b7lars\/","title":{"rendered":"Tratamientos capilares"},"content":{"rendered":"<p style=\"text-align: justify;\">M\u00e1s all\u00e1 del corte de pelo, una buena melena hay que cuidarla. Con mimo, pero tambi\u00e9n con <strong>productos de primera calidad<\/strong> y siempre aplicados por unas manos expertas. En <strong>St Estilisme<\/strong> s\u00f3lo trabajamos con <strong>primeras marcas<\/strong>, te proponemos el tratamiento adecuado para cada necesidad.<\/p>\n<h3 style=\"text-align: justify;\">Olaplex<\/h3>\n<p style=\"text-align: justify;\">Uno de los grandes miedos de pasar por la peluquer\u00eda para un cambio de color radical es la posibilidad de que nuestro pelo quede destrozado. \u00bfLa soluci\u00f3n?: <strong>Olaplex<\/strong>.<\/p>\n<p style=\"text-align: justify;\"><strong>Olaplex<\/strong> es uno de los tratamientos clave para reparar el cabello y protegerlo de tintes o decoloraciones. Todas las melenas est\u00e1n formadas por la prote\u00edna de queratina, que tienen enlaces de sulfuro y disolfuro. Al querer transformar su color y su forma, sus enlaces naturales se rompen, por lo que el pelo cada vez se debilita m\u00e1s. Olaplex act\u00faa como un nexo adicional entre los \u00e1tomos de sulfuro, por lo que reduce el da\u00f1o de la rotura y del tinte.<\/p>\n<p style=\"text-align: justify;\"><strong>Olaplex<\/strong> est\u00e1 libre de componentes como parabenos, sulfatos o siliconas. Consta de tres pasos: los dos primeros deben hacerse en un sal\u00f3n, por un profesional. El tercero se realiza en casa.<\/p>\n<p style=\"text-align: justify;\">Ven a <strong>St Estilisme<\/strong> y te informaremos m\u00e1s sobre c\u00f3mo funciona esta revoluci\u00f3n que tiene por nombre <strong>Olaplex<\/strong>.<\/p>\n<p><img fetchpriority=\"high\" decoding=\"async\" class=\"aligncenter wp-image-517 size-full\" title=\"Olaplex | ST Estilisme | Sant Feliu de Gu\u00edxols\" src=\"https:\/\/stestilisme.com\/wp-content\/uploads\/2018\/09\/Olaplex.jpg\" alt=\"Olaplex | ST Estilisme | Sant Feliu de Gu\u00edxols\" width=\"960\" height=\"486\" srcset=\"https:\/\/www.stestilisme.com\/wp-content\/uploads\/2018\/09\/Olaplex.jpg 960w, https:\/\/www.stestilisme.com\/wp-content\/uploads\/2018\/09\/Olaplex-300x152.jpg 300w, https:\/\/www.stestilisme.com\/wp-content\/uploads\/2018\/09\/Olaplex-768x389.jpg 768w\" sizes=\"(max-width: 960px) 100vw, 960px\" \/><\/p>\n<h3 style=\"text-align: justify;\">Anti encrespamiento<\/h3>\n<p style=\"text-align: justify;\">El encrespamiento se produce cuando el pelo est\u00e1 deshidratado, cuando le falta humedad. A la deshidrataci\u00f3n hay que sumarle el componente gen\u00e9tico de nuestro cabello: su forma, color, grosor resistencia\u2026 Por lo general los cabellos rizados son m\u00e1s propensos al encrespamiento.<\/p>\n<p style=\"text-align: justify;\">El tratamiento antiencrespamiento que te ofrecemos en <strong>St Estilisme<\/strong> es ideal para eliminar el encrespamiento, as\u00ed como el exceso de volumen. Pero eso s\u00ed: sin perder el rizo u ondulado natural. Una tecnolog\u00eda innovadora que tiene como resultado cabellos reestructurados, brillantes y, por supuesto, sin encrespamiento.<\/p>\n<h3 style=\"text-align: justify;\">Stop ca\u00edda<\/h3>\n<p style=\"text-align: justify;\">\u00bfParar la ca\u00edda del pelo? \u00a1Ahora s\u00ed es posible!<\/p>\n<p style=\"text-align: justify;\">La ansiedad, el estr\u00e9s, problemas emocionales, malos h\u00e1bitos alimentarios, cambios de estaci\u00f3n, hormonales, algunos f\u00e1rmacos&#8230; las causas pueden ser diversas pero la soluci\u00f3n definitiva a tenemos nosotros!<\/p>\n<p style=\"text-align: justify;\">Pon freno a la ca\u00edda de pelo con nuestro tratamiento Stop Ca\u00edda&#8230; <strong>\u00a1ver\u00e1s qu\u00e9 cambio!<\/strong><\/p>\n<h3 style=\"text-align: justify;\">Alisado queratina &#8211; Estirado brasile\u00f1o<\/h3>\n<p style=\"text-align: justify;\">\u00bfNo sales de casa sin pasarte la plancha? Puede que as\u00ed consigas controlar tu pelo durante un tiempo pero seguir\u00e1 rebel\u00e1ndose cuando tenga ocasi\u00f3n. Descubre lo que la queratina puede hacer por ti.<\/p>\n<p style=\"text-align: justify;\">Tratamiento alisador con queratina\u2026 <strong>\u00a1hasta 3 meses de duraci\u00f3n! 100% seguro, 100% eficaz<\/strong>.<\/p>\n<p style=\"text-align: justify;\">El alisado con queratina es ideal <strong>para cualquier tipo de pelo<\/strong> pero su efectividad aumenta especialmente en pelo rizado \u2014donde observar\u00e1s un gran cambio desde las primeras sesiones\u2014.<\/p>\n<p style=\"text-align: justify;\">Y no s\u00f3lo esto: adem\u00e1s de alisar, la queratina \u2014al ser una prote\u00edna que se encuentra de forma natural en nuestro organismo\u2014 contiene propiedades que <strong>devuelven la salud al pelo da\u00f1ado<\/strong>.<\/p>\n<p style=\"text-align: justify;\">La soluci\u00f3n: la queratina de la casa <strong>Alfaparf<\/strong>. F\u00e1cil de utilizar y de <strong>precio muy asequible<\/strong>. \u00a1Ven y te explicamos con todo detalle!<\/p>\n<p>&nbsp;<\/p>\n<p><img decoding=\"async\" class=\"aligncenter wp-image-637 size-full\" title=\"Queratina | ST Estilisme | Sant Feliu de Gu\u00edxols\" src=\"https:\/\/stestilisme.com\/wp-content\/uploads\/2018\/10\/Queratina.jpg\" alt=\"Queratina | ST Estilisme | Sant Feliu de Gu\u00edxols\" width=\"1200\" height=\"564\" srcset=\"https:\/\/www.stestilisme.com\/wp-content\/uploads\/2018\/10\/Queratina.jpg 1200w, https:\/\/www.stestilisme.com\/wp-content\/uploads\/2018\/10\/Queratina-300x141.jpg 300w, https:\/\/www.stestilisme.com\/wp-content\/uploads\/2018\/10\/Queratina-768x361.jpg 768w, https:\/\/www.stestilisme.com\/wp-content\/uploads\/2018\/10\/Queratina-1024x481.jpg 1024w\" sizes=\"(max-width: 1200px) 100vw, 1200px\" \/><\/p>\n<h3>Mascarillas de color<\/h3>\n<p style=\"text-align: justify;\">Lo m\u00e1s nuevo de <strong>Indola<\/strong>, <strong>Colorblaster<\/strong>, es el acondicionador con pigmento m\u00e1s smart que aporta un resultado espectacular:<\/p>\n<ul>\n<li>Tonalidades de pastel a intenso.<\/li>\n<li>Renovaci\u00f3n del color instant\u00e1nea.<\/li>\n<\/ul>\n<p style=\"text-align: justify;\">Escoge tu tono: Willow (rosa), Clarendon (azul), Valencia (verde menta), Lark (gris plateado), Sierra (marr\u00f3n chocolate), Mayfair (rojo), Crema (rubio dorado), Juno (neutralizador).<\/p>\n<ul>\n<li>Resultados de color vibrantes.<\/li>\n<li>Brillo definitivo.<\/li>\n<li>F\u00e1cilmente combinable.<\/li>\n<\/ul>\n<p>Y dura hasta 10 lavados, dependiendo de la calidad del cabello y el color de su base!<\/p>\n<p><a href=\"https:\/\/stestilisme.com\/wp-content\/uploads\/2018\/10\/Colorblaster.jpg\"><img decoding=\"async\" class=\"aligncenter size-full wp-image-635\" src=\"https:\/\/stestilisme.com\/wp-content\/uploads\/2018\/10\/Colorblaster.jpg\" alt=\"Colorblaster | ST Estilisme | Sant Feliu de Gu\u00edxols\" width=\"1020\" height=\"463\" srcset=\"https:\/\/www.stestilisme.com\/wp-content\/uploads\/2018\/10\/Colorblaster.jpg 1020w, https:\/\/www.stestilisme.com\/wp-content\/uploads\/2018\/10\/Colorblaster-300x136.jpg 300w, https:\/\/www.stestilisme.com\/wp-content\/uploads\/2018\/10\/Colorblaster-768x349.jpg 768w\" sizes=\"(max-width: 1020px) 100vw, 1020px\" \/><\/a>","protected":false},"excerpt":{"rendered":"<p>M\u00e1s all\u00e1 del corte de pelo, una buena melena hay que cuidarla. Con mimo, pero tambi\u00e9n con productos de primera calidad y siempre aplicados por unas manos expertas. En St Estilisme s\u00f3lo trabajamos con primeras marcas, te proponemos el tratamiento adecuado para cada necesidad. Olaplex Uno de los grandes miedos de pasar por la peluquer\u00eda<br \/><a class=\"moretag\" href=\"https:\/\/www.stestilisme.com\/es\/tractaments-capil%c2%b7lars\/\">+ Read More<\/a><\/p>\n","protected":false},"author":1,"featured_media":514,"parent":0,"menu_order":0,"comment_status":"closed","ping_status":"closed","template":"","meta":{"footnotes":""},"class_list":["post-49","page","type-page","status-publish","has-post-thumbnail","hentry"],"_links":{"self":[{"href":"https:\/\/www.stestilisme.com\/es\/wp-json\/wp\/v2\/pages\/49","targetHints":{"allow":["GET"]}}],"collection":[{"href":"https:\/\/www.stestilisme.com\/es\/wp-json\/wp\/v2\/pages"}],"about":[{"href":"https:\/\/www.stestilisme.com\/es\/wp-json\/wp\/v2\/types\/page"}],"author":[{"embeddable":true,"href":"https:\/\/www.stestilisme.com\/es\/wp-json\/wp\/v2\/users\/1"}],"replies":[{"embeddable":true,"href":"https:\/\/www.stestilisme.com\/es\/wp-json\/wp\/v2\/comments?post=49"}],"version-history":[{"count":0,"href":"https:\/\/www.stestilisme.com\/es\/wp-json\/wp\/v2\/pages\/49\/revisions"}],"wp:featuredmedia":[{"embeddable":true,"href":"https:\/\/www.stestilisme.com\/es\/wp-json\/wp\/v2\/media\/514"}],"wp:attachment":[{"href":"https:\/\/www.stestilisme.com\/es\/wp-json\/wp\/v2\/media?parent=49"}],"curies":[{"name":"wp","href":"https:\/\/api.w.org\/{rel}","templated":true}]}}