{"id":47,"date":"2018-08-30T17:40:57","date_gmt":"2018-08-30T15:40:57","guid":{"rendered":"https:\/\/stestilisme.com\/?page_id=47"},"modified":"2018-09-20T16:48:56","modified_gmt":"2018-09-20T14:48:56","slug":"talls-de-cabell","status":"publish","type":"page","link":"https:\/\/www.stestilisme.com\/es\/talls-de-cabell\/","title":{"rendered":"Cortes de pelo"},"content":{"rendered":"<p style=\"text-align: justify;\">Quiz\u00e1s ya lo tienes claro. Pero tambi\u00e9n si dudas te podemos asesorar: lo m\u00e1s favorecedor para ti, los cortes de tendencia\u2026<\/p>\n<p style=\"text-align: justify;\">Sea cual sea tu opci\u00f3n, en St Estilisme conseguiremos el\u00a0look\u00a0que estabas buscando!<\/p>\n<p style=\"text-align: justify;\">Porque una imagen vale m\u00e1s que todo el que te podr\u00edamos explicar, aqu\u00ed tienes algunos de los\u00a0looks\u00a0conseguidos en\u00a0<strong>St\u00a0Estilisme<\/strong>. \u00a1Gracias a todos nuestros modelos!<\/p>\n\n\t\t<!-- MasterSlider -->\n\t\t<div id=\"P_MS6a097e2c3b4b6\" class=\"master-slider-parent msl ms-parent-id-2\" style=\"max-width:95%;\">\n\n\t\t\t\n\t\t\t<!-- MasterSlider Main -->\n\t\t\t<div id=\"MS6a097e2c3b4b6\" class=\"master-slider ms-skin-default\" >\n\t\t\t\t \t\t\t\t \n\t\t\t\t<div  class=\"ms-slide\" data-delay=\"3\" data-fill-mode=\"fill\"  >\n\t\t\t\t\t<img decoding=\"async\" src=\"https:\/\/www.stestilisme.com\/wp-content\/plugins\/master-slider\/public\/assets\/css\/blank.gif\" alt=\"Talls de cabell | ST Estilisme | Perruqueria | Sant Feliu de Gu\u00edxols\" title=\"\" data-src=\"https:\/\/www.stestilisme.com\/wp-content\/uploads\/2018\/09\/Talls-de-cabell-04.jpg\" \/>\n\n\n\t<img decoding=\"async\" class=\"ms-thumb\" src=\"https:\/\/www.stestilisme.com\/wp-content\/uploads\/2018\/09\/Talls-de-cabell-04-150x70.jpg\" alt=\"Talls de cabell | ST Estilisme | Perruqueria | Sant Feliu de Gu\u00edxols\" \/>\n\t<div class=\"ms-thumb\" ><div class=\"ms-tab-context\"><div class=\"&quot;ms-tab-context&quot;\"><\/div><\/div>\n<\/div>\n\t\t\t\t<\/div>\n\t\t\t\t<div  class=\"ms-slide\" data-delay=\"3\" data-fill-mode=\"fill\"  >\n\t\t\t\t\t<img decoding=\"async\" src=\"https:\/\/www.stestilisme.com\/wp-content\/plugins\/master-slider\/public\/assets\/css\/blank.gif\" alt=\"Talls de cabell | ST Estilisme | Perruqueria | Sant Feliu de Gu\u00edxols\" title=\"\" data-src=\"https:\/\/www.stestilisme.com\/wp-content\/uploads\/2018\/09\/Talls-de-cabell-03.jpg\" \/>\n\n\n\t<img decoding=\"async\" class=\"ms-thumb\" src=\"https:\/\/www.stestilisme.com\/wp-content\/uploads\/2018\/09\/Talls-de-cabell-03-150x70.jpg\" alt=\"Talls de cabell | ST Estilisme | Perruqueria | Sant Feliu de Gu\u00edxols\" \/>\n\t<div class=\"ms-thumb\" ><div class=\"ms-tab-context\"><div class=\"&quot;ms-tab-context&quot;\"><\/div><\/div>\n<\/div>\n\t\t\t\t<\/div>\n\t\t\t\t<div  class=\"ms-slide\" data-delay=\"3\" data-fill-mode=\"fill\"  >\n\t\t\t\t\t<img decoding=\"async\" src=\"https:\/\/www.stestilisme.com\/wp-content\/plugins\/master-slider\/public\/assets\/css\/blank.gif\" alt=\"Talls de cabell | ST Estilisme | Perruqueria | Sant Feliu de Gu\u00edxols\" title=\"\" data-src=\"https:\/\/www.stestilisme.com\/wp-content\/uploads\/2018\/09\/Talls-de-cabell-02.jpg\" \/>\n\n\n\t<img decoding=\"async\" class=\"ms-thumb\" src=\"https:\/\/www.stestilisme.com\/wp-content\/uploads\/2018\/09\/Talls-de-cabell-02-150x70.jpg\" alt=\"Talls de cabell | ST Estilisme | Perruqueria | Sant Feliu de Gu\u00edxols\" \/>\n\t<div class=\"ms-thumb\" ><div class=\"ms-tab-context\"><div class=\"&quot;ms-tab-context&quot;\"><\/div><\/div>\n<\/div>\n\t\t\t\t<\/div>\n\t\t\t\t<div  class=\"ms-slide\" data-delay=\"3\" data-fill-mode=\"fill\"  >\n\t\t\t\t\t<img decoding=\"async\" src=\"https:\/\/www.stestilisme.com\/wp-content\/plugins\/master-slider\/public\/assets\/css\/blank.gif\" alt=\"Talls de cabell | ST Estilisme | Perruqueria | Sant Feliu de Gu\u00edxols\" title=\"\" data-src=\"https:\/\/www.stestilisme.com\/wp-content\/uploads\/2018\/09\/Talls-de-cabell-01.jpg\" \/>\n\n\n\t<img decoding=\"async\" class=\"ms-thumb\" src=\"https:\/\/www.stestilisme.com\/wp-content\/uploads\/2018\/09\/Talls-de-cabell-01-150x70.jpg\" alt=\"Talls de cabell | ST Estilisme | Perruqueria | Sant Feliu de Gu\u00edxols\" \/>\n\t<div class=\"ms-thumb\" ><div class=\"ms-tab-context\"><div class=\"&quot;ms-tab-context&quot;\"><\/div><\/div>\n<\/div>\n\t\t\t\t<\/div>\n\n\t\t\t<\/div>\n\t\t\t<!-- END MasterSlider Main -->\n\n\t\t\t \n\t\t<\/div>\n\t\t<!-- END MasterSlider -->\n\n\t\t<script>\n\t\t(function ( $ ) {\n\t\t\t\"use strict\";\n\n\t\t\t$(function () {\n\t\t\t\tvar masterslider_b4b6 = new MasterSlider();\n\n\t\t\t\t\/\/ slider controls\n\t\t\t\tmasterslider_b4b6.control('arrows'     ,{ autohide:true, overVideo:true , hideUnder:400 });\n\t\t\t\tmasterslider_b4b6.control('thumblist'  ,{ autohide:false, overVideo:true, dir:'h', speed:17, inset:true, arrows:true, hover:false, customClass:'', align:'bottom',type:'thumbs', margin:5, width:150, height:70, space:5, fillMode:'fill'  });\n\t\t\t\t\/\/ slider setup\n\t\t\t\tmasterslider_b4b6.setup(\"MS6a097e2c3b4b6\", {\n\t\t\t\t\t\twidth           : 1400,\n\t\t\t\t\t\theight          : 700,\n\t\t\t\t\t\tminHeight       : 0,\n\t\t\t\t\t\tspace           : 0,\n\t\t\t\t\t\tstart           : 1,\n\t\t\t\t\t\tgrabCursor      : true,\n\t\t\t\t\t\tswipe           : true,\n\t\t\t\t\t\tmouse           : true,\n\t\t\t\t\t\tlayout          : \"boxed\",\n\t\t\t\t\t\twheel           : false,\n\t\t\t\t\t\tautoplay        : true,\n\t\t\t\t\t\tinstantStartLayers:false,\n\t\t\t\t\t\tloop            : true,\n\t\t\t\t\t\tshuffle         : true,\n\t\t\t\t\t\tpreload         : 0,\n\t\t\t\t\t\theightLimit     : true,\n\t\t\t\t\t\tautoHeight      : true,\n\t\t\t\t\t\tsmoothHeight    : true,\n\t\t\t\t\t\tendPause        : false,\n\t\t\t\t\t\toverPause       : true,\n\t\t\t\t\t\tfillMode        : \"fill\",\n\t\t\t\t\t\tcenterControls  : true,\n\t\t\t\t\t\tstartOnAppear   : false,\n\t\t\t\t\t\tlayersMode      : \"center\",\n\t\t\t\t\t\thideLayers      : false,\n\t\t\t\t\t\tfullscreenMargin: 0,\n\t\t\t\t\t\tspeed           : 20,\n\t\t\t\t\t\tdir             : \"h\",\n\t\t\t\t\t\tparallaxMode    : 'swipe',\n\t\t\t\t\t\tview            : \"basic\"\n\t\t\t\t});\n\n\t\t\t\t\n\t\t\t\twindow.masterslider_instances = window.masterslider_instances || [];\n\t\t\t\twindow.masterslider_instances.push( masterslider_b4b6 );\n\t\t\t });\n\n\t\t})(jQuery);\n\t\t<\/script>","protected":false},"excerpt":{"rendered":"<p>Quiz\u00e1s ya lo tienes claro. Pero tambi\u00e9n si dudas te podemos asesorar: lo m\u00e1s favorecedor para ti, los cortes de tendencia\u2026 Sea cual sea tu opci\u00f3n, en St Estilisme conseguiremos el\u00a0look\u00a0que estabas buscando! Porque una imagen vale m\u00e1s que todo el que te podr\u00edamos explicar, aqu\u00ed tienes algunos de los\u00a0looks\u00a0conseguidos en\u00a0St\u00a0Estilisme. \u00a1Gracias a todos nuestros<br \/><a class=\"moretag\" href=\"https:\/\/www.stestilisme.com\/es\/talls-de-cabell\/\">+ Read More<\/a><\/p>\n","protected":false},"author":1,"featured_media":296,"parent":0,"menu_order":0,"comment_status":"closed","ping_status":"closed","template":"","meta":{"footnotes":""},"class_list":["post-47","page","type-page","status-publish","has-post-thumbnail","hentry"],"_links":{"self":[{"href":"https:\/\/www.stestilisme.com\/es\/wp-json\/wp\/v2\/pages\/47","targetHints":{"allow":["GET"]}}],"collection":[{"href":"https:\/\/www.stestilisme.com\/es\/wp-json\/wp\/v2\/pages"}],"about":[{"href":"https:\/\/www.stestilisme.com\/es\/wp-json\/wp\/v2\/types\/page"}],"author":[{"embeddable":true,"href":"https:\/\/www.stestilisme.com\/es\/wp-json\/wp\/v2\/users\/1"}],"replies":[{"embeddable":true,"href":"https:\/\/www.stestilisme.com\/es\/wp-json\/wp\/v2\/comments?post=47"}],"version-history":[{"count":0,"href":"https:\/\/www.stestilisme.com\/es\/wp-json\/wp\/v2\/pages\/47\/revisions"}],"wp:featuredmedia":[{"embeddable":true,"href":"https:\/\/www.stestilisme.com\/es\/wp-json\/wp\/v2\/media\/296"}],"wp:attachment":[{"href":"https:\/\/www.stestilisme.com\/es\/wp-json\/wp\/v2\/media?parent=47"}],"curies":[{"name":"wp","href":"https:\/\/api.w.org\/{rel}","templated":true}]}}